{"id":1858,"date":"2023-10-04T12:03:29","date_gmt":"2023-10-04T08:33:29","guid":{"rendered":"https:\/\/demosoledad.pencidesign.net\/soledad-car-wash-business-multipurpose\/?page_id=6"},"modified":"2024-05-08T18:57:11","modified_gmt":"2024-05-08T14:27:11","slug":"ana-sayfasi","status":"publish","type":"page","link":"https:\/\/chemkraft.ir\/tr\/","title":{"rendered":"Ana Sayfas\u0131"},"content":{"rendered":"\t\t<div data-elementor-type=\"wp-page\" data-elementor-id=\"1858\" class=\"elementor elementor-1858\">\n\t\t\t\t\t\t<section class=\"penci-section penci-dmcheck penci-elbg-activate penci-disSticky penci-structure-10 elementor-section elementor-top-section elementor-element elementor-element-d23c27b elementor-section-boxed elementor-section-height-default elementor-section-height-default\" data-id=\"d23c27b\" data-element_type=\"section\" data-e-type=\"section\" data-settings=\"{&quot;background_background&quot;:&quot;classic&quot;}\">\n\t\t\t\t\t\t\t<div class=\"elementor-background-overlay\"><\/div>\n\t\t\t\t\t\t\t<div class=\"elementor-container elementor-column-gap-default\">\n\t\t\t\t\t<div class=\"penci-ercol-100 penci-ercol-order-1 penci-sticky-ct    elementor-column elementor-col-100 elementor-top-column elementor-element elementor-element-5107968\" data-id=\"5107968\" data-element_type=\"column\" data-e-type=\"column\">\n\t\t\t<div class=\"elementor-widget-wrap elementor-element-populated\">\n\t\t\t\t\t\t<div class=\"elementor-element elementor-element-fb49db4 elementor-widget elementor-widget-penci-info-box\" data-id=\"fb49db4\" data-element_type=\"widget\" data-e-type=\"widget\" data-widget_type=\"penci-info-box.default\">\n\t\t\t\t<div class=\"elementor-widget-container\">\n\t\t\t\t\t        <div id=\"penci_info_box_23417\" class=\"penci-block-vc penci-info-box penci-ibox-top-center penci-view-default penci-shape-circle\">\n            <div class=\"penci-ibox-inner\">\n\t\t\t\t\t\t\t\t<div class=\"penci-ibox-icon penci-ibox-icon--icon penci-icon penci-tibox-icon\"><span class=\"penci-ibox-icon-fa\"><i class=\"penci-ibox-icon--i \" aria-hidden=\"true\"><\/i><\/span><\/div>                <div class=\"penci-ibox-content-wrap\">\n\t\t\t\t\t\t\t\t\t\t<h3\n                            class=\"penci-ibox-title\">CHEMKRAFT<\/h3>\t\t\t\t\t\t\t\t\t\t                        <div class=\"penci-ibox-content\"><p>Sel\u00fcloz ve Metal End\u00fcstrilerine Y\u00f6nelik Kimyasallar\u0131n \u00dcreticisi ve Tedarik\u00e7isi<\/p>\n<\/div>\t\t\t\t\t                <\/div>\n            <\/div>\n        <\/div>\n\t\t\t\t\t\t<\/div>\n\t\t\t\t<\/div>\n\t\t\t\t\t<\/div>\n\t\t<\/div>\n\t\t\t\t\t<\/div>\n\t\t<\/section>\n\t\t\t\t<section class=\"penci-section penci-disSticky penci-structure-10 elementor-section elementor-top-section elementor-element elementor-element-d07df72 elementor-section-full_width elementor-section-content-middle elementor-section-height-default elementor-section-height-default\" data-id=\"d07df72\" data-element_type=\"section\" data-e-type=\"section\">\n\t\t\t\t\t\t<div class=\"elementor-container elementor-column-gap-no\">\n\t\t\t\t\t<div class=\"penci-ercol-100 penci-ercol-order-1 penci-sticky-ct    elementor-column elementor-col-100 elementor-top-column elementor-element elementor-element-1e86ca8\" data-id=\"1e86ca8\" data-element_type=\"column\" data-e-type=\"column\">\n\t\t\t<div class=\"elementor-widget-wrap elementor-element-populated\">\n\t\t\t\t\t\t<div class=\"elementor-element elementor-element-ba72eb4 penci-h-poswrap-center penci-v-poswrap-middle elementor-widget elementor-widget-penci-custom-sliders\" data-id=\"ba72eb4\" data-element_type=\"widget\" data-e-type=\"widget\" data-widget_type=\"penci-custom-sliders.default\">\n\t\t\t\t<div class=\"elementor-widget-container\">\n\t\t\t\t\t<div class=\"penci-block-vc penci-custom-slides\"><div class=\"penci-block_content penci-slides-wrap swiper penci-owl-carousel penci-owl-carousel-slider pcdots-dots\"  data-items=\"1\" data-auto=\"true\" data-autotime=\"4000\" data-speed=\"800\" data-anim=\"slide\" data-ceffect=\"swing\" data-seffect=\"creative\"><div class=\"swiper-wrapper\"><div class=\"swiper-slide elementor-repeater-item-3b0d925 penci-ctslide-wrap\"><div class=\"penci-custom-slide\"><div class=\"penci-ctslide-bg\"><\/div><div class=\"penci-ctslide-inner\"><div class=\"penci-ctslider-content penci-fadeInUp\"><h2 class=\"pencislider-title pencislider-title-overlay\"><span class=\"pslider-bgoverlay-inner\"><span>SEL\u00dcLOZ END\u00dcSTRISI KIMYASALLARI<\/span><\/span><\/h2><div class=\"penci-slider_btnwrap\"><a class=\"pencislider-btn pencislider-btn-1 penci-button\" href=\"https:\/\/chemkraft.ir\/tr\/ana-sayfasi\/urunler\/seluloz-endustrisi-kimyasallari\/\"><span>daha fazla bilgi<\/span><\/a><\/div><\/div><\/div><\/div><\/div><div class=\"swiper-slide elementor-repeater-item-c4b0d48 penci-ctslide-wrap\"><div class=\"penci-custom-slide\"><div class=\"penci-ctslide-bg\"><\/div><div class=\"penci-ctslide-inner\"><div class=\"penci-ctslider-content penci-fadeInUp\"><h2 class=\"pencislider-title pencislider-title-overlay\"><span class=\"pslider-bgoverlay-inner\"><span>METAL END\u00dcSTRISI MALZEMESI<\/span><\/span><\/h2><div class=\"penci-slider_btnwrap\"><a class=\"pencislider-btn pencislider-btn-1 penci-button\" href=\"https:\/\/chemkraft.ir\/tr\/ana-sayfasi\/urunler\/metal-endustrisi-malzemesi\/\"><span>daha fazla bilgi<\/span><\/a><\/div><\/div><\/div><\/div><\/div><div class=\"swiper-slide elementor-repeater-item-d6f71e5 penci-ctslide-wrap\"><div class=\"penci-custom-slide\"><div class=\"penci-ctslide-bg\"><\/div><div class=\"penci-ctslide-inner\"><div class=\"penci-ctslider-content penci-fadeInUp\"><h2 class=\"pencislider-title pencislider-title-overlay\"><span class=\"pslider-bgoverlay-inner\"><span>FLOR BILE\u015eIKLERI<\/span><\/span><\/h2><div class=\"penci-slider_btnwrap\"><a class=\"pencislider-btn pencislider-btn-1 penci-button\" href=\"https:\/\/chemkraft.ir\/tr\/ana-sayfasi\/urunler\/flor-bilesikleri\/\"><span>daha fazla bilgi<\/span><\/a><\/div><\/div><\/div><\/div><\/div><div class=\"swiper-slide elementor-repeater-item-7f6d8b8 penci-ctslide-wrap\"><div class=\"penci-custom-slide\"><div class=\"penci-ctslide-bg\"><\/div><div class=\"penci-ctslide-inner\"><div class=\"penci-ctslider-content penci-fadeInUp\"><h2 class=\"pencislider-title pencislider-title-overlay\"><span class=\"pslider-bgoverlay-inner\"><span>DI\u011eER KIMYASALLAR<\/span><\/span><\/h2><div class=\"penci-slider_btnwrap\"><a class=\"pencislider-btn pencislider-btn-1 penci-button\" href=\"https:\/\/chemkraft.ir\/tr\/ana-sayfasi\/urunler\/diger-kimyasallar\/\"><span>daha fazla bilgi<\/span><\/a><\/div><\/div><\/div><\/div><\/div><\/div><\/div><\/div>\t\t\t\t<\/div>\n\t\t\t\t<\/div>\n\t\t\t\t\t<\/div>\n\t\t<\/div>\n\t\t\t\t\t<\/div>\n\t\t<\/section>\n\t\t\t\t<section class=\"penci-section penci-dmcheck penci-elbg-activate penci-disSticky penci-structure-10 elementor-section elementor-top-section elementor-element elementor-element-59679f8 elementor-section-content-middle elementor-section-boxed elementor-section-height-default elementor-section-height-default\" data-id=\"59679f8\" data-element_type=\"section\" data-e-type=\"section\" data-settings=\"{&quot;background_background&quot;:&quot;classic&quot;}\">\n\t\t\t\t\t\t<div class=\"elementor-container elementor-column-gap-extended\">\n\t\t\t\t\t<div class=\"penci-ercol-100 penci-ercol-order-1 penci-sticky-ct  penci-dmcheck penci-elbg-activate penci-elbg-img elementor-column elementor-col-100 elementor-top-column elementor-element elementor-element-5d7e4c1\" data-id=\"5d7e4c1\" data-element_type=\"column\" data-e-type=\"column\" data-settings=\"{&quot;background_background&quot;:&quot;classic&quot;}\">\n\t\t\t<div class=\"elementor-widget-wrap elementor-element-populated\">\n\t\t\t\t\t\t<div class=\"elementor-element elementor-element-e64b466 elementor-widget elementor-widget-penci-latest-posts\" data-id=\"e64b466\" data-element_type=\"widget\" data-e-type=\"widget\" data-widget_type=\"penci-latest-posts.default\">\n\t\t\t\t<div class=\"elementor-widget-container\">\n\t\t\t\t\t                <div id=\"pencilatest_posts_74578\" class=\"penci-latest-posts-sc penci-latest-posts-masonry penci-latest-posts-el penci-el-mixed-s1 penci-latest-posts-center penci-std-continue-center penci-std-excerpt-center penci-grid-excerpt-center\">\n\t\t\t\t\t\t\t\t\t\t\t                        <div class=\"penci-border-arrow penci-homepage-title penci-home-latest-posts style-1 pcalign-center pciconp-right pcicon-right\">\n                            <h3 class=\"inner-arrow\">\n                                <span>\n\t\t\t\t\t\t\t\t<span>NESNE<\/span>                                <\/span>\n                            <\/h3>\n\t\t\t\t\t\t\t                        <\/div>\n\t\t\t\t\t                    <div class=\"penci-wrapper-posts-ajax\">\n\n                        <div class=\"penci-wrapper-posts-content pwid-default\">\n\n\t\t\t\t\t\t\t\t\t\t\t\t\t\t\t\t\t\t\t\t\t\t\t\t                                    <div class=\"penci-wrap-masonry\">\n                                        <div data-cols=\"3\" data-tcols=\"3\" data-mcols=\"2\" class=\"penci-wrapper-data masonry penci-masonry\">\t\t\t\t\t\t\t\t\t\t\t<article id=\"post-2302\" class=\"item item-masonry grid-masonry hentry\">\n\t\n\t<div class=\"grid-header-box\">\n\t\t\t\t\t<span class=\"cat\"><a style=\"\" class=\"penci-cat-name penci-cat-30\" href=\"https:\/\/chemkraft.ir\/tr\/category\/nesne\/\"  rel=\"category tag\"><span style=\"\">Nesne<\/span><\/a><a style=\"\" class=\"penci-cat-name penci-cat-19\" href=\"https:\/\/chemkraft.ir\/tr\/category\/nesne\/seluloz-endustrileri\/\"  rel=\"category tag\"><span style=\"\">Sel\u00fcloz End\u00fcstrileri<\/span><\/a><\/span>\n\t\t\t\t<h2 class=\"penci-entry-title entry-title grid-title\"><a href=\"https:\/\/chemkraft.ir\/tr\/turkiyede-kagit-mendil-sektoru\/\">T\u00fcrkiye&#8217;de ka\u011f\u0131t mendil sekt\u00f6r\u00fc<\/a><\/h2>\n\t\t\t\t\t\t<div class=\"penci-hide-tagupdated\">\n\t\t\t<span class=\"author-italic author vcard\">Ile \t\t\t\t\t\t\t\t\t\t<a class=\"author-url url fn n\"\n\t\t\t\t\t\t\t\t\t\t\thref=\"https:\/\/chemkraft.ir\/tr\/author\/adminkraft\/\">adminkraft<\/a>\n\t\t\t\t\t\t\t\t\t<\/span>\n\t\t\t<time class=\"entry-date published\" datetime=\"2023-10-05T11:54:31+03:30\">October 5, 2023<\/time>\t\t<\/div>\n\t\t\t\t\t\t\t\t<div class=\"grid-post-box-meta\">\n\t\t\t\t\t\t\t\t\t\t\t\t\t<span class=\"otherl-date\"><time class=\"entry-date published\" datetime=\"2023-10-05T11:54:31+03:30\">October 5, 2023<\/time><\/span>\n\t\t\t\t\t\t\t\t\t\t\t\t\t\t\t\t\t\t\t\t\t\t\t<\/div>\n\t\t\t<\/div>\n\n\t\n\t\n\t<\/article>\n<article id=\"post-2300\" class=\"item item-masonry grid-masonry hentry\">\n\t\n\t<div class=\"grid-header-box\">\n\t\t\t\t\t<span class=\"cat\"><a style=\"\" class=\"penci-cat-name penci-cat-30\" href=\"https:\/\/chemkraft.ir\/tr\/category\/nesne\/\"  rel=\"category tag\"><span style=\"\">Nesne<\/span><\/a><a style=\"\" class=\"penci-cat-name penci-cat-19\" href=\"https:\/\/chemkraft.ir\/tr\/category\/nesne\/seluloz-endustrileri\/\"  rel=\"category tag\"><span style=\"\">Sel\u00fcloz End\u00fcstrileri<\/span><\/a><\/span>\n\t\t\t\t<h2 class=\"penci-entry-title entry-title grid-title\"><a href=\"https:\/\/chemkraft.ir\/tr\/cesitli-kagit-uretim-yontemlerinin-incelenmesi\/\">\u00c7e\u015fitli Ka\u011f\u0131t \u00dcretim Y\u00f6ntemlerinin \u0130ncelenmesi<\/a><\/h2>\n\t\t\t\t\t\t<div class=\"penci-hide-tagupdated\">\n\t\t\t<span class=\"author-italic author vcard\">Ile \t\t\t\t\t\t\t\t\t\t<a class=\"author-url url fn n\"\n\t\t\t\t\t\t\t\t\t\t\thref=\"https:\/\/chemkraft.ir\/tr\/author\/adminkraft\/\">adminkraft<\/a>\n\t\t\t\t\t\t\t\t\t<\/span>\n\t\t\t<time class=\"entry-date published\" datetime=\"2023-10-05T11:52:13+03:30\">October 5, 2023<\/time>\t\t<\/div>\n\t\t\t\t\t\t\t\t<div class=\"grid-post-box-meta\">\n\t\t\t\t\t\t\t\t\t\t\t\t\t<span class=\"otherl-date\"><time class=\"entry-date published\" datetime=\"2023-10-05T11:52:13+03:30\">October 5, 2023<\/time><\/span>\n\t\t\t\t\t\t\t\t\t\t\t\t\t\t\t\t\t\t\t\t\t\t\t<\/div>\n\t\t\t<\/div>\n\n\t\n\t\n\t<\/article>\n<article id=\"post-2298\" class=\"item item-masonry grid-masonry hentry\">\n\t\n\t<div class=\"grid-header-box\">\n\t\t\t\t\t<span class=\"cat\"><a style=\"\" class=\"penci-cat-name penci-cat-3\" href=\"https:\/\/chemkraft.ir\/tr\/category\/nesne\/metal-endustrileri\/\"  rel=\"category tag\"><span style=\"\">Metal End\u00fcstrileri<\/span><\/a><a style=\"\" class=\"penci-cat-name penci-cat-30\" href=\"https:\/\/chemkraft.ir\/tr\/category\/nesne\/\"  rel=\"category tag\"><span style=\"\">Nesne<\/span><\/a><\/span>\n\t\t\t\t<h2 class=\"penci-entry-title entry-title grid-title\"><a href=\"https:\/\/chemkraft.ir\/tr\/olivin-kumunun-uygulanmasi-ve-onemi\/\">Olivin kumunun uygulanmas\u0131 ve \u00f6nemi<\/a><\/h2>\n\t\t\t\t\t\t<div class=\"penci-hide-tagupdated\">\n\t\t\t<span class=\"author-italic author vcard\">Ile \t\t\t\t\t\t\t\t\t\t<a class=\"author-url url fn n\"\n\t\t\t\t\t\t\t\t\t\t\thref=\"https:\/\/chemkraft.ir\/tr\/author\/adminkraft\/\">adminkraft<\/a>\n\t\t\t\t\t\t\t\t\t<\/span>\n\t\t\t<time class=\"entry-date published\" datetime=\"2023-10-05T11:49:46+03:30\">October 5, 2023<\/time>\t\t<\/div>\n\t\t\t\t\t\t\t\t<div class=\"grid-post-box-meta\">\n\t\t\t\t\t\t\t\t\t\t\t\t\t<span class=\"otherl-date\"><time class=\"entry-date published\" datetime=\"2023-10-05T11:49:46+03:30\">October 5, 2023<\/time><\/span>\n\t\t\t\t\t\t\t\t\t\t\t\t\t\t\t\t\t\t\t\t\t\t\t<\/div>\n\t\t\t<\/div>\n\n\t\n\t\n\t<\/article>\n\n\t\t\t\t\t\t\t\t\t\t\t\t\t\t\t\t\t\t\t\t\t<\/div>\n                            <\/div>\t\t\t\t\t\t\t\n\t\t\t\t\t\t\t\t\t\t\t\t\t\t<div class=\"penci-pagination align-left\"><ul class='page-numbers'>\n\t<li><span aria-current=\"page\" class=\"page-numbers current\">1<\/span><\/li>\n\t<li><a class=\"page-numbers\" href=\"https:\/\/chemkraft.ir\/tr\/wp-json\/wp\/v2\/pages\/1858\/page\/2\/\">2<\/a><\/li>\n\t<li><a class=\"page-numbers\" href=\"https:\/\/chemkraft.ir\/tr\/wp-json\/wp\/v2\/pages\/1858\/page\/3\/\">3<\/a><\/li>\n\t<li><span class=\"page-numbers dots\">&hellip;<\/span><\/li>\n\t<li><a class=\"page-numbers\" href=\"https:\/\/chemkraft.ir\/tr\/wp-json\/wp\/v2\/pages\/1858\/page\/8\/\">8<\/a><\/li>\n\t<li><a class=\"next page-numbers\" href=\"https:\/\/chemkraft.ir\/tr\/wp-json\/wp\/v2\/pages\/1858\/page\/2\/\"><i class=\"penci-faicon fa fa-angle-right\" ><\/i><\/a><\/li>\n<\/ul>\n<\/div>\t\t\t\t\t\t\t                        <\/div>\n\n\t\t\t\t\t\t                    <\/div>\n                <\/div>\n\t\t\t            <style>\n                                                                                                                                                                            <\/style>\n\t\t\t\t\t\t\t<\/div>\n\t\t\t\t<\/div>\n\t\t\t\t<div class=\"elementor-element elementor-element-871e429 elementor-widget elementor-widget-google_maps\" data-id=\"871e429\" data-element_type=\"widget\" data-e-type=\"widget\" data-widget_type=\"google_maps.default\">\n\t\t\t\t<div class=\"elementor-widget-container\">\n\t\t\t\t\t\t\t<div class=\"elementor-custom-embed\">\n\t\t\t<iframe loading=\"lazy\"\n\t\t\t\t\tsrc=\"https:\/\/maps.google.com\/maps?q=iran%2Csemnan%20inustries&#038;t=m&#038;z=5&#038;output=embed&#038;iwloc=near\"\n\t\t\t\t\ttitle=\"iran,semnan inustries\"\n\t\t\t\t\taria-label=\"iran,semnan inustries\"\n\t\t\t><\/iframe>\n\t\t<\/div>\n\t\t\t\t\t\t<\/div>\n\t\t\t\t<\/div>\n\t\t\t\t\t<\/div>\n\t\t<\/div>\n\t\t\t\t\t<\/div>\n\t\t<\/section>\n\t\t\t\t<\/div>\n\t\t","protected":false},"excerpt":{"rendered":"<p>CHEMKRAFT Sel\u00fcloz ve Metal End\u00fcstrilerine Y\u00f6nelik Kimyasallar\u0131n \u00dcreticisi ve Tedarik\u00e7isi SEL\u00dcLOZ END\u00dcSTRISI KIMYASALLARI daha fazla bilgi METAL END\u00dcSTRISI MALZEMESI daha fazla bilgi FLOR BILE\u015eIKLERI daha fazla bilgi DI\u011eER KIMYASALLAR daha&hellip;<\/p>\n","protected":false},"author":1,"featured_media":1788,"parent":0,"menu_order":0,"comment_status":"closed","ping_status":"closed","template":"page-fullwidth.php","meta":{"content-type":"","_lmt_disableupdate":"","_lmt_disable":"","footnotes":""},"class_list":["post-1858","page","type-page","status-publish","has-post-thumbnail","hentry"],"_links":{"self":[{"href":"https:\/\/chemkraft.ir\/tr\/wp-json\/wp\/v2\/pages\/1858","targetHints":{"allow":["GET"]}}],"collection":[{"href":"https:\/\/chemkraft.ir\/tr\/wp-json\/wp\/v2\/pages"}],"about":[{"href":"https:\/\/chemkraft.ir\/tr\/wp-json\/wp\/v2\/types\/page"}],"author":[{"embeddable":true,"href":"https:\/\/chemkraft.ir\/tr\/wp-json\/wp\/v2\/users\/1"}],"replies":[{"embeddable":true,"href":"https:\/\/chemkraft.ir\/tr\/wp-json\/wp\/v2\/comments?post=1858"}],"version-history":[{"count":225,"href":"https:\/\/chemkraft.ir\/tr\/wp-json\/wp\/v2\/pages\/1858\/revisions"}],"predecessor-version":[{"id":2576,"href":"https:\/\/chemkraft.ir\/tr\/wp-json\/wp\/v2\/pages\/1858\/revisions\/2576"}],"wp:featuredmedia":[{"embeddable":true,"href":"https:\/\/chemkraft.ir\/tr\/wp-json\/wp\/v2\/media\/1788"}],"wp:attachment":[{"href":"https:\/\/chemkraft.ir\/tr\/wp-json\/wp\/v2\/media?parent=1858"}],"curies":[{"name":"wp","href":"https:\/\/api.w.org\/{rel}","templated":true}]}}