{"id":2030,"date":"2023-09-05T11:16:00","date_gmt":"2023-09-05T07:46:00","guid":{"rendered":"https:\/\/chemkraft.ir\/tr\/?page_id=2030"},"modified":"2024-04-29T12:01:11","modified_gmt":"2024-04-29T07:31:11","slug":"hakkimizda","status":"publish","type":"page","link":"https:\/\/chemkraft.ir\/tr\/ana-sayfasi\/hakkimizda\/","title":{"rendered":"Hakk\u0131m\u0131zda"},"content":{"rendered":"\n<p class=\"has-text-align-left has-vivid-red-color has-text-color has-link-color wp-elements-12f709be06af3fbd3a3a04875785feac\" style=\"font-size:20px\">CHEMKRAFT ve DADUKLU T\u00fcrkiye\u2019nin \u0130ran Temsilcili\u011fi<\/p>\n\n\n\n<figure class=\"wp-block-image size-large\"><img fetchpriority=\"high\" decoding=\"async\" width=\"1024\" height=\"580\" src=\"https:\/\/chemkraft.ir\/tr\/wp-content\/uploads\/2024\/04\/about-us-tr-1024x580.jpg\" alt=\"\" class=\"wp-image-2424\" srcset=\"https:\/\/chemkraft.ir\/tr\/wp-content\/uploads\/2024\/04\/about-us-tr-1024x580.jpg 1024w, https:\/\/chemkraft.ir\/tr\/wp-content\/uploads\/2024\/04\/about-us-tr-300x170.jpg 300w, https:\/\/chemkraft.ir\/tr\/wp-content\/uploads\/2024\/04\/about-us-tr-768x435.jpg 768w, https:\/\/chemkraft.ir\/tr\/wp-content\/uploads\/2024\/04\/about-us-tr-1170x663.jpg 1170w, https:\/\/chemkraft.ir\/tr\/wp-content\/uploads\/2024\/04\/about-us-tr-585x331.jpg 585w, https:\/\/chemkraft.ir\/tr\/wp-content\/uploads\/2024\/04\/about-us-tr.jpg 1328w\" sizes=\"(max-width: 1024px) 100vw, 1024px\" \/><figcaption class=\"wp-element-caption\"><strong>Hakk\u0131m\u0131zda<\/strong><\/figcaption><\/figure>\n\n\n\n<p class=\"has-text-align-center has-medium-font-size\">Tarih<\/p>\n\n\n\n<p class=\"has-medium-font-size\">Chemkraft, Alman uzmanl\u0131\u011f\u0131n\u0131 T\u00fcrk i\u015f\u00e7ili\u011fiyle kusursuz bir \u015fekilde harmanlayan k\u00fcresel bir \u00fcretim ve ticaret merkezidir. M\u00fckemmellik ve yenilik\u00e7ili\u011fe olan ba\u011fl\u0131l\u0131\u011f\u0131m\u0131zla, d\u00fcnya \u00e7ap\u0131ndaki se\u00e7ici t\u00fcketicilerin ihtiya\u00e7lar\u0131n\u0131 kar\u015f\u0131layan en iyi \u00fcr\u00fcnleri size sunuyoruz.<\/p>\n\n\n\n<p class=\"has-medium-font-size\">Ba\u015far\u0131m\u0131z\u0131n temelinde kaliteye olan sars\u0131lmaz ba\u011fl\u0131l\u0131\u011f\u0131m\u0131z yat\u0131yor; T\u00fcrkiye&#8217;deki en son teknolojiye sahip tesislerimiz en son Alman teknolojisiyle donat\u0131lm\u0131\u015f olup, yaratt\u0131\u011f\u0131m\u0131z her \u00fcr\u00fcn\u00fcn end\u00fcstri standartlar\u0131n\u0131 a\u015fmas\u0131n\u0131 sa\u011fl\u0131yoruz. \u00dcretimden da\u011f\u0131t\u0131ma kadar ola\u011fan\u00fcst\u00fc sonu\u00e7lar\u0131 garanti etmek i\u00e7in s\u00fcrecin her ad\u0131m\u0131n\u0131 titizlikle denetliyoruz.<\/p>\n\n\n\n<p class=\"has-medium-font-size\">Ancak mesele sadece ola\u011fan\u00fcst\u00fc \u00fcr\u00fcnler yaratmak de\u011fil; g\u00fcven in\u015fa etmekle ilgilidir. G\u00fcvenilirli\u011fin \u00f6nemini anl\u0131yoruz, bu nedenle \u00fcr\u00fcnlerimiz \u00e7e\u015fitli sekt\u00f6rlerdeki say\u0131s\u0131z memnun m\u00fc\u015fterinin g\u00fcvenini kazanm\u0131\u015ft\u0131r. \u0130ster bireysel bir t\u00fcketici olun, ister sekt\u00f6r\u00fcn\u00fczdeki \u00f6nemli bir oyuncu olun, en iyiyi sunaca\u011f\u0131m\u0131za bize g\u00fcvenebilirsiniz.<\/p>\n\n\n\n<figure class=\"wp-block-image size-full\"><img decoding=\"async\" width=\"1020\" height=\"530\" src=\"https:\/\/chemkraft.ir\/tr\/wp-content\/uploads\/2024\/04\/imageedit_1_5951938100.png\" alt=\"\" class=\"wp-image-2426\" srcset=\"https:\/\/chemkraft.ir\/tr\/wp-content\/uploads\/2024\/04\/imageedit_1_5951938100.png 1020w, https:\/\/chemkraft.ir\/tr\/wp-content\/uploads\/2024\/04\/imageedit_1_5951938100-300x156.png 300w, https:\/\/chemkraft.ir\/tr\/wp-content\/uploads\/2024\/04\/imageedit_1_5951938100-768x399.png 768w, https:\/\/chemkraft.ir\/tr\/wp-content\/uploads\/2024\/04\/imageedit_1_5951938100-585x304.png 585w\" sizes=\"(max-width: 1020px) 100vw, 1020px\" \/><figcaption class=\"wp-element-caption\"><strong>Chemkraft&#8217;\u0131n Tarihi<\/strong><\/figcaption><\/figure>\n\n\n\n<p class=\"has-medium-font-size\">Uluslararas\u0131 bir \u015firket olarak, \u00e7e\u015fitli pazarlara uyum sa\u011flama ve geli\u015fme yetene\u011fimizle gurur duyuyoruz. K\u00fcresel eri\u015fimimiz, d\u00fcnya \u00e7ap\u0131ndaki \u00f6nemli kullan\u0131c\u0131larla ba\u011flant\u0131 kurmam\u0131za ve onlara \u00f6zel ihtiya\u00e7lar\u0131na g\u00f6re uyarlanm\u0131\u015f \u00e7\u00f6z\u00fcmler sunmam\u0131za olanak tan\u0131r. Kar\u015f\u0131l\u0131kl\u0131 g\u00fcven ve ortak ba\u015far\u0131 \u00fczerine kurulu uzun vadeli ortakl\u0131klar\u0131n geli\u015ftirilmesine inan\u0131yoruz.<\/p>\n\n\n\n<p class=\"has-medium-font-size\">Bizi i\u015f orta\u011f\u0131n\u0131z olarak se\u00e7ti\u011finiz i\u00e7in te\u015fekk\u00fcr ederiz<\/p>\n\n\n<div class=\"wp-block-image\">\n<figure class=\"alignleft size-full is-resized\"><img decoding=\"async\" width=\"256\" height=\"256\" src=\"https:\/\/chemkraft.ir\/tr\/wp-content\/uploads\/2024\/04\/back-button.png\" alt=\"Geri\" class=\"wp-image-2421\" style=\"object-fit:cover;width:90px;height:90px\" srcset=\"https:\/\/chemkraft.ir\/tr\/wp-content\/uploads\/2024\/04\/back-button.png 256w, https:\/\/chemkraft.ir\/tr\/wp-content\/uploads\/2024\/04\/back-button-150x150.png 150w\" sizes=\"(max-width: 256px) 100vw, 256px\" \/><figcaption class=\"wp-element-caption\"><strong>Geri<\/strong><\/figcaption><\/figure><\/div>","protected":false},"excerpt":{"rendered":"<p>CHEMKRAFT ve DADUKLU T\u00fcrkiye\u2019nin \u0130ran Temsilcili\u011fi Tarih Chemkraft, Alman uzmanl\u0131\u011f\u0131n\u0131 T\u00fcrk i\u015f\u00e7ili\u011fiyle kusursuz bir \u015fekilde harmanlayan k\u00fcresel bir \u00fcretim ve ticaret merkezidir. M\u00fckemmellik ve yenilik\u00e7ili\u011fe olan ba\u011fl\u0131l\u0131\u011f\u0131m\u0131zla, d\u00fcnya \u00e7ap\u0131ndaki se\u00e7ici&hellip;<\/p>\n","protected":false},"author":1,"featured_media":0,"parent":1858,"menu_order":0,"comment_status":"closed","ping_status":"closed","template":"","meta":{"content-type":"","_lmt_disableupdate":"","_lmt_disable":"","footnotes":""},"class_list":["post-2030","page","type-page","status-publish","hentry"],"_links":{"self":[{"href":"https:\/\/chemkraft.ir\/tr\/wp-json\/wp\/v2\/pages\/2030","targetHints":{"allow":["GET"]}}],"collection":[{"href":"https:\/\/chemkraft.ir\/tr\/wp-json\/wp\/v2\/pages"}],"about":[{"href":"https:\/\/chemkraft.ir\/tr\/wp-json\/wp\/v2\/types\/page"}],"author":[{"embeddable":true,"href":"https:\/\/chemkraft.ir\/tr\/wp-json\/wp\/v2\/users\/1"}],"replies":[{"embeddable":true,"href":"https:\/\/chemkraft.ir\/tr\/wp-json\/wp\/v2\/comments?post=2030"}],"version-history":[{"count":5,"href":"https:\/\/chemkraft.ir\/tr\/wp-json\/wp\/v2\/pages\/2030\/revisions"}],"predecessor-version":[{"id":2428,"href":"https:\/\/chemkraft.ir\/tr\/wp-json\/wp\/v2\/pages\/2030\/revisions\/2428"}],"up":[{"embeddable":true,"href":"https:\/\/chemkraft.ir\/tr\/wp-json\/wp\/v2\/pages\/1858"}],"wp:attachment":[{"href":"https:\/\/chemkraft.ir\/tr\/wp-json\/wp\/v2\/media?parent=2030"}],"curies":[{"name":"wp","href":"https:\/\/api.w.org\/{rel}","templated":true}]}}