{"id":2078,"date":"2023-09-10T09:42:33","date_gmt":"2023-09-10T06:12:33","guid":{"rendered":"https:\/\/chemkraft.ir\/tr\/?page_id=2078"},"modified":"2024-04-29T12:02:19","modified_gmt":"2024-04-29T07:32:19","slug":"urunler","status":"publish","type":"page","link":"https:\/\/chemkraft.ir\/tr\/ana-sayfasi\/urunler\/","title":{"rendered":"\u00dcr\u00fcnler"},"content":{"rendered":"<div class=\"wp-block-image\">\n<figure class=\"aligncenter size-large\"><img fetchpriority=\"high\" decoding=\"async\" width=\"1024\" height=\"512\" src=\"https:\/\/chemkraft.ir\/tr\/wp-content\/uploads\/2023\/09\/bulk-chemical-suppliers-1030x515-1-1024x512.png\" alt=\"\" class=\"wp-image-2079\" srcset=\"https:\/\/chemkraft.ir\/tr\/wp-content\/uploads\/2023\/09\/bulk-chemical-suppliers-1030x515-1-1024x512.png 1024w, https:\/\/chemkraft.ir\/tr\/wp-content\/uploads\/2023\/09\/bulk-chemical-suppliers-1030x515-1-300x150.png 300w, https:\/\/chemkraft.ir\/tr\/wp-content\/uploads\/2023\/09\/bulk-chemical-suppliers-1030x515-1-768x384.png 768w, https:\/\/chemkraft.ir\/tr\/wp-content\/uploads\/2023\/09\/bulk-chemical-suppliers-1030x515-1-585x293.png 585w, https:\/\/chemkraft.ir\/tr\/wp-content\/uploads\/2023\/09\/bulk-chemical-suppliers-1030x515-1.png 1030w\" sizes=\"(max-width: 1024px) 100vw, 1024px\" \/><\/figure><\/div>\n\n\n<p class=\"has-text-align-left\" dir=\"ltr\"><strong><a href=\"https:\/\/chemkraft.ir\/tr\/seluloz-endustrisi-kimyasallari\/\">1-sel\u00fcloz end\u00fcstrisi kimyasallar\u0131<\/a><\/strong><\/p>\n\n\n\n<p dir=\"ltr\"><strong><a href=\"https:\/\/chemkraft.ir\/tr\/metal-endustrisi-malzemesi\/\">2-Metal end\u00fcstrisi malzemesi<\/a><\/strong><\/p>\n\n\n\n<p dir=\"ltr\"><strong><a href=\"https:\/\/chemkraft.ir\/tr\/diger-kimyasallar\/\">3-di\u011fer kimyasallar<\/a><\/strong><\/p>\n\n\n\n<div class=\"wp-block-buttons is-content-justification-right is-layout-flex wp-container-core-buttons-is-layout-1 wp-block-buttons-is-layout-flex\">\n<div class=\"wp-block-button\"><a class=\"wp-block-button__link wp-element-button\" href=\"http:\/\/www.chemkraft.ir\/tr\"><strong>Geri Geliyor<\/strong><\/a><\/div>\n<\/div>\n","protected":false},"excerpt":{"rendered":"<p>1-sel\u00fcloz end\u00fcstrisi kimyasallar\u0131 2-Metal end\u00fcstrisi malzemesi 3-di\u011fer kimyasallar<\/p>\n","protected":false},"author":1,"featured_media":0,"parent":1858,"menu_order":0,"comment_status":"closed","ping_status":"closed","template":"","meta":{"content-type":"","_lmt_disableupdate":"","_lmt_disable":"","footnotes":""},"class_list":["post-2078","page","type-page","status-publish","hentry"],"_links":{"self":[{"href":"https:\/\/chemkraft.ir\/tr\/wp-json\/wp\/v2\/pages\/2078","targetHints":{"allow":["GET"]}}],"collection":[{"href":"https:\/\/chemkraft.ir\/tr\/wp-json\/wp\/v2\/pages"}],"about":[{"href":"https:\/\/chemkraft.ir\/tr\/wp-json\/wp\/v2\/types\/page"}],"author":[{"embeddable":true,"href":"https:\/\/chemkraft.ir\/tr\/wp-json\/wp\/v2\/users\/1"}],"replies":[{"embeddable":true,"href":"https:\/\/chemkraft.ir\/tr\/wp-json\/wp\/v2\/comments?post=2078"}],"version-history":[{"count":5,"href":"https:\/\/chemkraft.ir\/tr\/wp-json\/wp\/v2\/pages\/2078\/revisions"}],"predecessor-version":[{"id":2498,"href":"https:\/\/chemkraft.ir\/tr\/wp-json\/wp\/v2\/pages\/2078\/revisions\/2498"}],"up":[{"embeddable":true,"href":"https:\/\/chemkraft.ir\/tr\/wp-json\/wp\/v2\/pages\/1858"}],"wp:attachment":[{"href":"https:\/\/chemkraft.ir\/tr\/wp-json\/wp\/v2\/media?parent=2078"}],"curies":[{"name":"wp","href":"https:\/\/api.w.org\/{rel}","templated":true}]}}