{"id":2087,"date":"2023-09-10T10:03:10","date_gmt":"2023-09-10T06:33:10","guid":{"rendered":"https:\/\/chemkraft.ir\/tr\/?page_id=2087"},"modified":"2024-04-29T12:00:06","modified_gmt":"2024-04-29T07:30:06","slug":"seluloz-endustrisi-kimyasallari","status":"publish","type":"page","link":"https:\/\/chemkraft.ir\/tr\/ana-sayfasi\/urunler\/seluloz-endustrisi-kimyasallari\/","title":{"rendered":"Sel\u00fcloz End\u00fcstrisi Kimyasallar\u0131"},"content":{"rendered":"<div class=\"wp-block-image\">\n<figure class=\"aligncenter size-full\"><img fetchpriority=\"high\" decoding=\"async\" width=\"800\" height=\"600\" src=\"https:\/\/chemkraft.ir\/tr\/wp-content\/uploads\/2023\/09\/Cellulose-Industries-chemicalsen.jpg\" alt=\"\" class=\"wp-image-2088\" srcset=\"https:\/\/chemkraft.ir\/tr\/wp-content\/uploads\/2023\/09\/Cellulose-Industries-chemicalsen.jpg 800w, https:\/\/chemkraft.ir\/tr\/wp-content\/uploads\/2023\/09\/Cellulose-Industries-chemicalsen-300x225.jpg 300w, https:\/\/chemkraft.ir\/tr\/wp-content\/uploads\/2023\/09\/Cellulose-Industries-chemicalsen-768x576.jpg 768w, https:\/\/chemkraft.ir\/tr\/wp-content\/uploads\/2023\/09\/Cellulose-Industries-chemicalsen-585x439.jpg 585w\" sizes=\"(max-width: 800px) 100vw, 800px\" \/><figcaption class=\"wp-element-caption\"><strong><a href=\"http:\/\/www.chemkraft.ir\/tr\">Sel\u00fcloz End\u00fcstrisi Kimyasallar\u0131<\/a><\/strong><\/figcaption><\/figure><\/div>\n\n\n<p dir=\"ltr\"><strong>1) Ha\u015f\u0131l maddesi AKD %20 aktif<br>2) AKD %15 aktif<br>3) Islak mukavemet maddesi WSR %22<br>4) Islak mukavemet maddesi WSR %12,5<br>5) Islak Mukavemet ajan\u0131 WSR %20<br>6) Ge\u00e7ici Islak Mukavemet Ajan\u0131 %6 Aktif<\/strong><\/p>\n","protected":false},"excerpt":{"rendered":"<p>1) Ha\u015f\u0131l maddesi AKD %20 aktif2) AKD %15 aktif3) Islak mukavemet maddesi WSR %224) Islak mukavemet maddesi WSR %12,55) Islak Mukavemet ajan\u0131 WSR %206) Ge\u00e7ici Islak Mukavemet Ajan\u0131 %6 Aktif<\/p>\n","protected":false},"author":1,"featured_media":0,"parent":2078,"menu_order":0,"comment_status":"closed","ping_status":"closed","template":"","meta":{"content-type":"","_lmt_disableupdate":"","_lmt_disable":"","footnotes":""},"class_list":["post-2087","page","type-page","status-publish","hentry"],"_links":{"self":[{"href":"https:\/\/chemkraft.ir\/tr\/wp-json\/wp\/v2\/pages\/2087","targetHints":{"allow":["GET"]}}],"collection":[{"href":"https:\/\/chemkraft.ir\/tr\/wp-json\/wp\/v2\/pages"}],"about":[{"href":"https:\/\/chemkraft.ir\/tr\/wp-json\/wp\/v2\/types\/page"}],"author":[{"embeddable":true,"href":"https:\/\/chemkraft.ir\/tr\/wp-json\/wp\/v2\/users\/1"}],"replies":[{"embeddable":true,"href":"https:\/\/chemkraft.ir\/tr\/wp-json\/wp\/v2\/comments?post=2087"}],"version-history":[{"count":2,"href":"https:\/\/chemkraft.ir\/tr\/wp-json\/wp\/v2\/pages\/2087\/revisions"}],"predecessor-version":[{"id":2099,"href":"https:\/\/chemkraft.ir\/tr\/wp-json\/wp\/v2\/pages\/2087\/revisions\/2099"}],"up":[{"embeddable":true,"href":"https:\/\/chemkraft.ir\/tr\/wp-json\/wp\/v2\/pages\/2078"}],"wp:attachment":[{"href":"https:\/\/chemkraft.ir\/tr\/wp-json\/wp\/v2\/media?parent=2087"}],"curies":[{"name":"wp","href":"https:\/\/api.w.org\/{rel}","templated":true}]}}