{"id":2090,"date":"2023-09-10T10:06:12","date_gmt":"2023-09-10T06:36:12","guid":{"rendered":"https:\/\/chemkraft.ir\/tr\/?page_id=2090"},"modified":"2024-04-29T11:59:05","modified_gmt":"2024-04-29T07:29:05","slug":"metal-endustrisi-malzemesi","status":"publish","type":"page","link":"https:\/\/chemkraft.ir\/tr\/ana-sayfasi\/urunler\/metal-endustrisi-malzemesi\/","title":{"rendered":"Metal End\u00fcstrisi Malzemesi"},"content":{"rendered":"<div class=\"wp-block-image\">\n<figure class=\"aligncenter size-full\"><img fetchpriority=\"high\" decoding=\"async\" width=\"800\" height=\"600\" src=\"https:\/\/chemkraft.ir\/tr\/wp-content\/uploads\/2023\/09\/Metal-Industries-materialen.jpg\" alt=\"\" class=\"wp-image-2091\" srcset=\"https:\/\/chemkraft.ir\/tr\/wp-content\/uploads\/2023\/09\/Metal-Industries-materialen.jpg 800w, https:\/\/chemkraft.ir\/tr\/wp-content\/uploads\/2023\/09\/Metal-Industries-materialen-300x225.jpg 300w, https:\/\/chemkraft.ir\/tr\/wp-content\/uploads\/2023\/09\/Metal-Industries-materialen-768x576.jpg 768w, https:\/\/chemkraft.ir\/tr\/wp-content\/uploads\/2023\/09\/Metal-Industries-materialen-585x439.jpg 585w\" sizes=\"(max-width: 800px) 100vw, 800px\" \/><figcaption class=\"wp-element-caption\"><strong><a href=\"http:\/\/www.chemkraft.ir\/tr\">Metal End\u00fcstrisi Malzemesi<\/a><\/strong><\/figcaption><\/figure><\/div>\n\n\n<p dir=\"ltr\"><strong>1) EBT Dolgu Kumu<br>2) Tandi\u015f Destek Kumu<br>3) D\u00f6k\u00fcmhane Kumu<br>4) Refrakter Kum<br>5) C\u00fcruf \u015eartland\u0131r\u0131c\u0131 \/ Pelet Kumu<br>6) A\u015f\u0131nd\u0131r\u0131c\u0131 Kumlama Kumu<\/strong><\/p>\n","protected":false},"excerpt":{"rendered":"<p>1) EBT Dolgu Kumu2) Tandi\u015f Destek Kumu3) D\u00f6k\u00fcmhane Kumu4) Refrakter Kum5) C\u00fcruf \u015eartland\u0131r\u0131c\u0131 \/ Pelet Kumu6) A\u015f\u0131nd\u0131r\u0131c\u0131 Kumlama Kumu<\/p>\n","protected":false},"author":1,"featured_media":0,"parent":2078,"menu_order":0,"comment_status":"closed","ping_status":"closed","template":"","meta":{"content-type":"","_lmt_disableupdate":"","_lmt_disable":"","footnotes":""},"class_list":["post-2090","page","type-page","status-publish","hentry"],"_links":{"self":[{"href":"https:\/\/chemkraft.ir\/tr\/wp-json\/wp\/v2\/pages\/2090","targetHints":{"allow":["GET"]}}],"collection":[{"href":"https:\/\/chemkraft.ir\/tr\/wp-json\/wp\/v2\/pages"}],"about":[{"href":"https:\/\/chemkraft.ir\/tr\/wp-json\/wp\/v2\/types\/page"}],"author":[{"embeddable":true,"href":"https:\/\/chemkraft.ir\/tr\/wp-json\/wp\/v2\/users\/1"}],"replies":[{"embeddable":true,"href":"https:\/\/chemkraft.ir\/tr\/wp-json\/wp\/v2\/comments?post=2090"}],"version-history":[{"count":3,"href":"https:\/\/chemkraft.ir\/tr\/wp-json\/wp\/v2\/pages\/2090\/revisions"}],"predecessor-version":[{"id":2497,"href":"https:\/\/chemkraft.ir\/tr\/wp-json\/wp\/v2\/pages\/2090\/revisions\/2497"}],"up":[{"embeddable":true,"href":"https:\/\/chemkraft.ir\/tr\/wp-json\/wp\/v2\/pages\/2078"}],"wp:attachment":[{"href":"https:\/\/chemkraft.ir\/tr\/wp-json\/wp\/v2\/media?parent=2090"}],"curies":[{"name":"wp","href":"https:\/\/api.w.org\/{rel}","templated":true}]}}