{"id":2214,"date":"2023-10-04T12:06:07","date_gmt":"2023-10-04T08:36:07","guid":{"rendered":"https:\/\/chemkraft.ir\/tr\/?page_id=2214"},"modified":"2024-04-29T12:38:46","modified_gmt":"2024-04-29T08:08:46","slug":"biz-burdayiz","status":"publish","type":"page","link":"https:\/\/chemkraft.ir\/tr\/ana-sayfasi\/hakkimizda\/biz-burdayiz\/","title":{"rendered":"Biz burday\u0131z"},"content":{"rendered":"\n<p class=\"has-white-color has-text-color has-link-color wp-elements-b50f0d70d2cfe524722d8a70578d4022\" style=\"font-size:2px\">Biz burday\u0131z<\/p>\n\n\n\n<figure class=\"wp-block-image size-large\"><a href=\"https:\/\/www.google.com\/maps\/place\/%D8%AF%D9%81%D8%AA%D8%B1+%DA%A9%D8%A7%D8%B1%E2%80%AD\/@35.6121794,53.5021414,15z\/data=!3m1!4b1!4m6!3m5!1s0x3f9bb16f460940f1:0x29d531c97a016ece!8m2!3d35.6121624!4d53.4918416!16s%2Fg%2F11sgbgbhyk?hl=fa&amp;entry=ttu\"><img fetchpriority=\"high\" decoding=\"async\" width=\"1024\" height=\"474\" src=\"https:\/\/chemkraft.ir\/tr\/wp-content\/uploads\/2024\/04\/office-map-1024x474.jpg\" alt=\"Biz burday\u0131z\" class=\"wp-image-2419\" srcset=\"https:\/\/chemkraft.ir\/tr\/wp-content\/uploads\/2024\/04\/office-map-1024x474.jpg 1024w, https:\/\/chemkraft.ir\/tr\/wp-content\/uploads\/2024\/04\/office-map-300x139.jpg 300w, https:\/\/chemkraft.ir\/tr\/wp-content\/uploads\/2024\/04\/office-map-768x355.jpg 768w, https:\/\/chemkraft.ir\/tr\/wp-content\/uploads\/2024\/04\/office-map-1170x541.jpg 1170w, https:\/\/chemkraft.ir\/tr\/wp-content\/uploads\/2024\/04\/office-map-585x271.jpg 585w, https:\/\/chemkraft.ir\/tr\/wp-content\/uploads\/2024\/04\/office-map.jpg 1280w\" sizes=\"(max-width: 1024px) 100vw, 1024px\" \/><\/a><figcaption class=\"wp-element-caption\"><strong>Chemkraft \u0130ran Ofisi<\/strong><\/figcaption><\/figure>\n\n\n\n<p style=\"font-size:18px\">Birim 302, 2. Kat, Shahid Adab \u0130\u015f Merkezi, Sharq Sanayi B\u00f6lgesi, Semnan<\/p>\n\n\n\n<p style=\"font-size:18px\">Chemkraft \u0130ran Ofisi<\/p>\n\n\n<div class=\"wp-block-image\">\n<figure class=\"alignleft size-full is-resized\"><a href=\"https:\/\/chemkraft.ir\/tr\/hakkimizda\/\"><img decoding=\"async\" width=\"256\" height=\"256\" src=\"https:\/\/chemkraft.ir\/tr\/wp-content\/uploads\/2024\/04\/back-button.png\" alt=\"Geri\" class=\"wp-image-2421\" style=\"object-fit:cover;width:90px;height:90px\" srcset=\"https:\/\/chemkraft.ir\/tr\/wp-content\/uploads\/2024\/04\/back-button.png 256w, https:\/\/chemkraft.ir\/tr\/wp-content\/uploads\/2024\/04\/back-button-150x150.png 150w\" sizes=\"(max-width: 256px) 100vw, 256px\" \/><\/a><figcaption class=\"wp-element-caption\"><strong>Geri<\/strong><\/figcaption><\/figure><\/div>","protected":false},"excerpt":{"rendered":"<p>Biz burday\u0131z Birim 302, 2. Kat, Shahid Adab \u0130\u015f Merkezi, Sharq Sanayi B\u00f6lgesi, Semnan Chemkraft \u0130ran Ofisi<\/p>\n","protected":false},"author":1,"featured_media":0,"parent":2030,"menu_order":0,"comment_status":"closed","ping_status":"closed","template":"","meta":{"content-type":"","_lmt_disableupdate":"","_lmt_disable":"","footnotes":""},"class_list":["post-2214","page","type-page","status-publish","hentry"],"_links":{"self":[{"href":"https:\/\/chemkraft.ir\/tr\/wp-json\/wp\/v2\/pages\/2214","targetHints":{"allow":["GET"]}}],"collection":[{"href":"https:\/\/chemkraft.ir\/tr\/wp-json\/wp\/v2\/pages"}],"about":[{"href":"https:\/\/chemkraft.ir\/tr\/wp-json\/wp\/v2\/types\/page"}],"author":[{"embeddable":true,"href":"https:\/\/chemkraft.ir\/tr\/wp-json\/wp\/v2\/users\/1"}],"replies":[{"embeddable":true,"href":"https:\/\/chemkraft.ir\/tr\/wp-json\/wp\/v2\/comments?post=2214"}],"version-history":[{"count":2,"href":"https:\/\/chemkraft.ir\/tr\/wp-json\/wp\/v2\/pages\/2214\/revisions"}],"predecessor-version":[{"id":2422,"href":"https:\/\/chemkraft.ir\/tr\/wp-json\/wp\/v2\/pages\/2214\/revisions\/2422"}],"up":[{"embeddable":true,"href":"https:\/\/chemkraft.ir\/tr\/wp-json\/wp\/v2\/pages\/2030"}],"wp:attachment":[{"href":"https:\/\/chemkraft.ir\/tr\/wp-json\/wp\/v2\/media?parent=2214"}],"curies":[{"name":"wp","href":"https:\/\/api.w.org\/{rel}","templated":true}]}}