{"id":2492,"date":"2024-04-29T11:38:59","date_gmt":"2024-04-29T07:08:59","guid":{"rendered":"https:\/\/chemkraft.ir\/tr\/?page_id=2492"},"modified":"2024-04-29T11:39:02","modified_gmt":"2024-04-29T07:09:02","slug":"flor-bilesikleri","status":"publish","type":"page","link":"https:\/\/chemkraft.ir\/tr\/ana-sayfasi\/urunler\/flor-bilesikleri\/","title":{"rendered":"Flor Bile\u015fikleri"},"content":{"rendered":"\n<p style=\"font-size:0px\">Flor Bile\u015fikleri <\/p>\n\n\n\n<p class=\"has-luminous-vivid-amber-color has-text-color has-background has-link-color has-medium-font-size wp-elements-f43689d0ca24f83063720b2ae67d20e5\" style=\"background-color:#143c46\">1) Hidroflorik Asit<\/p>\n\n\n\n<p class=\"has-luminous-vivid-amber-background-color has-text-color has-background has-link-color has-medium-font-size wp-elements-6967a343e6886a9265ea18bf3ec93ead\" style=\"color:#143c46\">2) Florozirkonik Asit<\/p>\n\n\n\n<p class=\"has-luminous-vivid-amber-color has-text-color has-background has-link-color has-medium-font-size wp-elements-f02568d7e8cade61e68e111707772eec\" style=\"background-color:#143c46\">3) Florosilisik Asit<\/p>\n\n\n\n<p class=\"has-luminous-vivid-amber-background-color has-text-color has-background has-link-color has-medium-font-size wp-elements-82674ef4447de962adb1b9ff2f36162f\" style=\"color:#143c46\">4) Fluotitanik Asit<\/p>\n\n\n\n<p class=\"has-luminous-vivid-amber-color has-text-color has-background has-link-color has-medium-font-size wp-elements-0f470ddaa7051e40fb2e59c918697495\" style=\"background-color:#143c46\">5) Floroborik Asit<\/p>\n\n\n\n<p class=\"has-luminous-vivid-amber-background-color has-text-color has-background has-link-color has-medium-font-size wp-elements-b790dc40dbbe9443b3f3cf264a7e5d0a\" style=\"color:#143c46\">6) Amonyum Fluozirkonat<\/p>\n\n\n\n<p class=\"has-luminous-vivid-amber-color has-text-color has-background has-link-color has-medium-font-size wp-elements-befe0fe63220370a35de9491a0c0c347\" style=\"background-color:#143c46\">7) Potasyum Fluozirkonat<\/p>\n\n\n\n<p class=\"has-luminous-vivid-amber-background-color has-text-color has-background has-link-color has-medium-font-size wp-elements-feba9fc68275f4a1fb8730f969ecaca9\" style=\"color:#143c46\">8) Potasyum Florosilikat<\/p>\n\n\n\n<p class=\"has-luminous-vivid-amber-color has-text-color has-background has-link-color has-medium-font-size wp-elements-39c799ccd6213a5545132e6132ac1257\" style=\"background-color:#143c46\">9) Amonyum Fluosilikat<\/p>\n\n\n\n<p class=\"has-luminous-vivid-amber-background-color has-text-color has-background has-link-color has-medium-font-size wp-elements-389a70afd6950fc78982b2e6a21b70f9\" style=\"color:#143c46\">10) \u00c7inko Florosilikat<\/p>\n\n\n\n<p class=\"has-luminous-vivid-amber-color has-text-color has-background has-link-color has-medium-font-size wp-elements-e372e579a1b4093ec01262d598c8189d\" style=\"background-color:#143c46\">11) Sodyum Florosilikat<\/p>\n\n\n\n<p class=\"has-luminous-vivid-amber-background-color has-text-color has-background has-link-color has-medium-font-size wp-elements-13ad9a22ce6ae1504526fb58f48e0b08\" style=\"color:#143c46\">12) Magnezyum Florosilikat<\/p>\n\n\n\n<p class=\"has-luminous-vivid-amber-color has-text-color has-background has-link-color has-medium-font-size wp-elements-3ae8f8893b59b1687370e7298b738aa9\" style=\"background-color:#143c46\">13) Amonyum Flor\u00fcr<\/p>\n\n\n\n<p class=\"has-luminous-vivid-amber-background-color has-text-color has-background has-link-color has-medium-font-size wp-elements-cb91a8830fd804dd76ed03741518df54\" style=\"color:#143c46\">14) Susuz Potasyum Flor\u00fcr<\/p>\n\n\n\n<p class=\"has-luminous-vivid-amber-color has-text-color has-background has-link-color has-medium-font-size wp-elements-3ba716c4ea812e3b3ed1937b8cc0ae5a\" style=\"background-color:#143c46\">15) Magnezyum Flor\u00fcr<\/p>\n\n\n\n<p class=\"has-luminous-vivid-amber-background-color has-text-color has-background has-link-color has-medium-font-size wp-elements-134b7d5b53802b5bff9c51b753bf818b\" style=\"color:#143c46\">16) Potasyum Flor\u00fcr<\/p>\n\n\n\n<p class=\"has-luminous-vivid-amber-color has-text-color has-background has-link-color has-medium-font-size wp-elements-5abb4dad3b7ea6cca6da4932031cc153\" style=\"background-color:#143c46\">17) Baryum Flor\u00fcr<\/p>\n\n\n\n<p class=\"has-luminous-vivid-amber-background-color has-text-color has-background has-link-color has-medium-font-size wp-elements-d9b54c7acd3f442855b426967922d4a2\" style=\"color:#143c46\">18) Sodyum Flor\u00fcr<\/p>\n\n\n\n<p class=\"has-luminous-vivid-amber-color has-text-color has-background has-link-color has-medium-font-size wp-elements-d71e75c6e78dd02bc81babbce2a688aa\" style=\"background-color:#143c46\">19) Amonyum Biflor\u00fcr (d\u00f6nd\u00fcr\u00fclerek kurutulan, f\u0131r\u0131nlanan, pul pul d\u00f6k\u00fclen)<\/p>\n\n\n\n<p class=\"has-luminous-vivid-amber-background-color has-text-color has-background has-link-color has-medium-font-size wp-elements-86215558b1dbcc33c42e1f2f0ea335fd\" style=\"color:#143c46\">20) Sodyum Biflor\u00fcr<\/p>\n\n\n\n<p class=\"has-luminous-vivid-amber-color has-text-color has-background has-link-color has-medium-font-size wp-elements-cd381a7902a81c58f9c81f8549b0a309\" style=\"background-color:#143c46\">21) Potasyum Biflor\u00fcr<\/p>\n\n\n\n<p class=\"has-luminous-vivid-amber-background-color has-text-color has-background has-link-color has-medium-font-size wp-elements-a49c507fa8ae1355243574dfad7e66fe\" style=\"color:#143c46\">22) Potasyum Floroborat<\/p>\n\n\n\n<p class=\"has-luminous-vivid-amber-color has-text-color has-background has-link-color has-medium-font-size wp-elements-a035dd71df4a0355f02ffd805e6a34ec\" style=\"background-color:#143c46\">23) Amonyum Floroborat<\/p>\n\n\n\n<p class=\"has-luminous-vivid-amber-background-color has-text-color has-background has-link-color has-medium-font-size wp-elements-94bb0a6806d3978a9fea2c0ef8f7cb63\" style=\"color:#143c46\">24)Sodyum Floroborat<\/p>\n\n\n\n<p class=\"has-luminous-vivid-amber-color has-text-color has-background has-link-color has-medium-font-size wp-elements-b2578fc84177ed886f0ce664506ecc89\" style=\"background-color:#143c46\">25) Potasyum Fluotitanat<\/p>\n\n\n\n<p class=\"has-luminous-vivid-amber-background-color has-text-color has-background has-link-color has-medium-font-size wp-elements-c7a28a3621f5e7c0d3abbe8dc5eba58b\" style=\"color:#143c46\">26) Al\u00fcminyum Flor\u00fcr<\/p>\n\n\n\n<h2 class=\"wp-block-heading has-medium-font-size\" id=\"h-flor-bilesikleri\">Flor Bile\u015fikleri<\/h2>\n\n\n\n<p class=\"has-normal-font-size\">Periyodik tablodaki olduk\u00e7a reaktif bir element olan flor, yaln\u0131zca yerkabu\u011funda bol miktarda bulunmaz, ayn\u0131 zamanda \u00e7e\u015fitli kimyasal \u00fcr\u00fcnlerde de \u00f6nemli bir rol oynar. Bu makale, florlu kimyasal \u00fcr\u00fcnlerin \u00f6nemine ve g\u00fcnl\u00fck ya\u015famlar\u0131m\u0131z \u00fczerindeki etkilerine \u0131\u015f\u0131k tutmay\u0131 ama\u00e7l\u0131yor; farmas\u00f6tik, polimer, malzeme bilimi ve hatta g\u00fcnl\u00fck ev e\u015fyalar\u0131ndaki uygulamalara de\u011finiyor. Bu geni\u015f kapsaml\u0131 alanlar\u0131 ke\u015ffederek, flor bazl\u0131 bile\u015fiklerin \u00e7ok y\u00f6nl\u00fcl\u00fc\u011f\u00fcn\u00fc ve vazge\u00e7ilmezli\u011fini takdir edebiliriz.<\/p>\n\n\n\n<h3 class=\"wp-block-heading\" id=\"h-uygulamalar\" style=\"font-size:18px\">Uygulamalar<\/h3>\n\n\n\n<p class=\"has-normal-font-size\">Florlu kimyasal \u00fcr\u00fcnlerin b\u00fcy\u00fck \u00f6nem kazand\u0131\u011f\u0131 \u00f6ne \u00e7\u0131kan alanlardan biri de ila\u00e7 end\u00fcstrisidir. Flor atomlar\u0131n\u0131n organik bile\u015fiklere dahil edilmesi genellikle bunlar\u0131n biyolojik aktivitesini, stabilitesini ve metabolik direncini artt\u0131r\u0131r. &#8220;Flor etkisi&#8221; olarak bilinen bu olgu, antiviral ajanlar, antibiyotikler ve antikanser tedavileri gibi \u00e7ok say\u0131da ilac\u0131n geli\u015ftirilmesinde itici g\u00fc\u00e7 olmu\u015ftur. Farmas\u00f6tik bilimciler, florinin benzersiz \u00f6zelliklerinden yararlanarak, ila\u00e7 molek\u00fcllerini etki g\u00fcc\u00fcn\u00fc optimize edecek ve potansiyel yan etkileri azaltacak \u015fekilde de\u011fi\u015ftirebilir ve sonu\u00e7ta hasta sonu\u00e7lar\u0131n\u0131n iyile\u015fmesine yol a\u00e7abilir.<\/p>\n\n\n\n<p>Ayr\u0131ca flor kimyasal \u00fcr\u00fcnleri polimer alan\u0131na \u00f6nemli katk\u0131lar sa\u011flamaktad\u0131r. Politetrafloroetilen (PTFE) ve poliviniliden flor\u00fcr (PVDF) gibi floropolimerler ola\u011fan\u00fcst\u00fc termal stabiliteye, y\u00fcksek kimyasal dirence ve d\u00fc\u015f\u00fck y\u00fczey enerjisine sahiptir. Bu \u00f6zellikler onlar\u0131 yal\u0131t\u0131m malzemeleri, koruyucu kaplamalar ve hatta yap\u0131\u015fmaz pi\u015firme kaplar\u0131 dahil olmak \u00fczere \u00e7e\u015fitli uygulamalar i\u00e7in olduk\u00e7a de\u011ferli k\u0131lmaktad\u0131r. Bu polimerlerdeki flor atomlar\u0131n\u0131n varl\u0131\u011f\u0131, yanmazl\u0131k ve sa\u011flaml\u0131k gibi arzu edilen \u00f6zellikleri kazand\u0131rarak, bunlar\u0131n zorlu \u00e7evre ko\u015fullar\u0131na dayanabilmesine ve \u00f6mr\u00fcn\u00fc uzatabilmesine olanak tan\u0131r.<\/p>\n\n\n\n<h3 class=\"wp-block-heading\" id=\"h-diger-uygulamalar\">Di\u011fer uygulamalar<\/h3>\n\n\n\n<p>\u0130la\u00e7 ve polimerlere ek olarak flor kimyasal \u00fcr\u00fcnleri de malzeme biliminde \u00e7ok \u00f6nemli bir rol oynamaktad\u0131r. \u00d6rne\u011fin ara\u015ft\u0131rmac\u0131lar, metallerin y\u00fczeyini de\u011fi\u015ftirmek ve korozyon direncini artt\u0131rmak i\u00e7in sodyum flor\u00fcr ve amonyum biflor\u00fcr gibi flor\u00fcr tuzlar\u0131n\u0131 kullan\u0131yor. Benzer \u015fekilde, flor\u00fcr bile\u015fikleri \u00e7e\u015fitli end\u00fcstriyel i\u015flemlerde kataliz\u00f6r olarak kullan\u0131lmakta, \u00f6nemli kimyasallar\u0131n sentezini kolayla\u015ft\u0131rmakta ve so\u011futucu ak\u0131\u015fkanlar ve lityum iyon piller gibi temel \u00fcr\u00fcnleri \u00fcretme yetene\u011fimizi kolayla\u015ft\u0131rmaktad\u0131r. Dahas\u0131, florinin reaktivitesi, geli\u015fmi\u015f elektronik cihazlar\u0131n imalat\u0131nda \u00f6nemli bir ad\u0131m olan yar\u0131 iletken imalat\u0131na y\u00f6nelik a\u015f\u0131nd\u0131rma i\u015flemlerinde de kullan\u0131lmas\u0131na olanak sa\u011flar.<\/p>\n\n\n\n<p>G\u00fcnl\u00fck hayat\u0131m\u0131zda bile pek \u00e7ok ev e\u015fyas\u0131nda florlu kimyasal \u00fcr\u00fcnlerle kar\u015f\u0131la\u015f\u0131yoruz. Di\u015f macunu ve gargaralarda yayg\u0131n olarak bulunan flor\u00fcr bile\u015fikleri, di\u015f \u00e7\u00fcr\u00fcmesini \u00f6nleyerek ve di\u015f minesini g\u00fc\u00e7lendirerek a\u011f\u0131z sa\u011fl\u0131\u011f\u0131n\u0131 korumak i\u00e7in gereklidir. Ek olarak, hidroflorokarbonlar (HFC&#8217;ler) gibi flor i\u00e7eren so\u011futucular, iklimlendirme ve so\u011futma sistemlerinde konforlu s\u0131cakl\u0131klar ve g\u0131dalar\u0131n korunmas\u0131n\u0131 sa\u011flayarak \u00f6nemli bir rol oynar. Bu \u00f6rnekler, flor bazl\u0131 kimyasallar\u0131n g\u00fcnl\u00fck rutinlerimize nas\u0131l sorunsuz bir \u015fekilde entegre oldu\u011funu, onlar\u0131n varl\u0131\u011f\u0131n\u0131n fark\u0131na bile varmadan ya\u015fam kalitemizi nas\u0131l art\u0131rd\u0131\u011f\u0131n\u0131 vurgulamaktad\u0131r.<\/p>\n\n\n\n<h3 class=\"wp-block-heading has-medium-font-size\" id=\"h-sonuc-olarak\">Sonu\u00e7 olarak<\/h3>\n\n\n\n<p class=\"has-normal-font-size\">Flor Bile\u015fikleri \u00f6nemi, \u00e7e\u015fitli alanlardaki \u00f6nemlerinden dolay\u0131 abart\u0131lamaz. \u0130la\u00e7 end\u00fcstrisinden malzeme bilimine ve ev e\u015fyalar\u0131na kadar, flor bile\u015fiklerinin benzersiz \u00f6zellikleri, ara\u015ft\u0131rmac\u0131lar\u0131n ve m\u00fchendislerin geli\u015fmi\u015f biyolojik aktiviteye, geli\u015fmi\u015f malzeme performans\u0131na ve art\u0131r\u0131lm\u0131\u015f dayan\u0131kl\u0131l\u0131\u011fa sahip \u00fcr\u00fcnler geli\u015ftirmesine olanak tan\u0131r. Burada tart\u0131\u015f\u0131lan uygulamalar, flor bazl\u0131 kimyan\u0131n geni\u015f kapsaml\u0131 etkisinin yaln\u0131zca y\u00fczeyini \u00e7izmektedir. Bu element hakk\u0131ndaki anlay\u0131\u015f\u0131m\u0131z derinle\u015ftik\u00e7e, flor bile\u015fiklerinin sentezi, karakterizasyonu ve kullan\u0131m\u0131nda toplumumuz \u00fczerinde daha da \u00f6nemli bir etki vaat eden daha fazla ilerleme bekleniyor.<\/p>\n\n\n<div class=\"wp-block-image\">\n<figure class=\"alignleft size-full is-resized\"><img fetchpriority=\"high\" decoding=\"async\" width=\"256\" height=\"256\" src=\"https:\/\/chemkraft.ir\/tr\/wp-content\/uploads\/2024\/04\/back-button.png\" alt=\"Geri\" class=\"wp-image-2421\" style=\"object-fit:cover;width:90px;height:90px\" srcset=\"https:\/\/chemkraft.ir\/tr\/wp-content\/uploads\/2024\/04\/back-button.png 256w, https:\/\/chemkraft.ir\/tr\/wp-content\/uploads\/2024\/04\/back-button-150x150.png 150w\" sizes=\"(max-width: 256px) 100vw, 256px\" \/><figcaption class=\"wp-element-caption\"><strong>GERI<\/strong><\/figcaption><\/figure><\/div>\n\n<div class=\"wp-block-image\">\n<figure class=\"alignleft size-full is-resized\"><img decoding=\"async\" width=\"590\" height=\"600\" src=\"https:\/\/chemkraft.ir\/tr\/wp-content\/uploads\/2024\/04\/depositphotos_41583673-stock-illustration-order-now-button.webp\" alt=\"\" class=\"wp-image-2420\" style=\"object-fit:cover;width:90px;height:90px\" srcset=\"https:\/\/chemkraft.ir\/tr\/wp-content\/uploads\/2024\/04\/depositphotos_41583673-stock-illustration-order-now-button.webp 590w, https:\/\/chemkraft.ir\/tr\/wp-content\/uploads\/2024\/04\/depositphotos_41583673-stock-illustration-order-now-button-295x300.webp 295w, https:\/\/chemkraft.ir\/tr\/wp-content\/uploads\/2024\/04\/depositphotos_41583673-stock-illustration-order-now-button-585x595.webp 585w\" sizes=\"(max-width: 590px) 100vw, 590px\" \/><figcaption class=\"wp-element-caption\"><strong>EMIR<\/strong><\/figcaption><\/figure><\/div>\n\n<div class=\"wp-block-image\">\n<figure class=\"alignleft size-full is-resized\"><img decoding=\"async\" width=\"400\" height=\"400\" src=\"https:\/\/chemkraft.ir\/tr\/wp-content\/uploads\/2024\/04\/imageedit_4_9745597220.png\" alt=\"\" class=\"wp-image-2493\" style=\"object-fit:cover;width:90px;height:90px\" srcset=\"https:\/\/chemkraft.ir\/tr\/wp-content\/uploads\/2024\/04\/imageedit_4_9745597220.png 400w, https:\/\/chemkraft.ir\/tr\/wp-content\/uploads\/2024\/04\/imageedit_4_9745597220-300x300.png 300w, https:\/\/chemkraft.ir\/tr\/wp-content\/uploads\/2024\/04\/imageedit_4_9745597220-150x150.png 150w\" sizes=\"(max-width: 400px) 100vw, 400px\" \/><figcaption class=\"wp-element-caption\"><strong>KATALOG<\/strong><\/figcaption><\/figure><\/div>","protected":false},"excerpt":{"rendered":"<p>Flor Bile\u015fikleri 1) Hidroflorik Asit 2) Florozirkonik Asit 3) Florosilisik Asit 4) Fluotitanik Asit 5) Floroborik Asit 6) Amonyum Fluozirkonat 7) Potasyum Fluozirkonat 8) Potasyum Florosilikat 9) Amonyum Fluosilikat 10)&hellip;<\/p>\n","protected":false},"author":1,"featured_media":2494,"parent":2078,"menu_order":0,"comment_status":"closed","ping_status":"closed","template":"","meta":{"content-type":"","_lmt_disableupdate":"","_lmt_disable":"","footnotes":""},"class_list":["post-2492","page","type-page","status-publish","has-post-thumbnail","hentry"],"_links":{"self":[{"href":"https:\/\/chemkraft.ir\/tr\/wp-json\/wp\/v2\/pages\/2492","targetHints":{"allow":["GET"]}}],"collection":[{"href":"https:\/\/chemkraft.ir\/tr\/wp-json\/wp\/v2\/pages"}],"about":[{"href":"https:\/\/chemkraft.ir\/tr\/wp-json\/wp\/v2\/types\/page"}],"author":[{"embeddable":true,"href":"https:\/\/chemkraft.ir\/tr\/wp-json\/wp\/v2\/users\/1"}],"replies":[{"embeddable":true,"href":"https:\/\/chemkraft.ir\/tr\/wp-json\/wp\/v2\/comments?post=2492"}],"version-history":[{"count":1,"href":"https:\/\/chemkraft.ir\/tr\/wp-json\/wp\/v2\/pages\/2492\/revisions"}],"predecessor-version":[{"id":2495,"href":"https:\/\/chemkraft.ir\/tr\/wp-json\/wp\/v2\/pages\/2492\/revisions\/2495"}],"up":[{"embeddable":true,"href":"https:\/\/chemkraft.ir\/tr\/wp-json\/wp\/v2\/pages\/2078"}],"wp:featuredmedia":[{"embeddable":true,"href":"https:\/\/chemkraft.ir\/tr\/wp-json\/wp\/v2\/media\/2494"}],"wp:attachment":[{"href":"https:\/\/chemkraft.ir\/tr\/wp-json\/wp\/v2\/media?parent=2492"}],"curies":[{"name":"wp","href":"https:\/\/api.w.org\/{rel}","templated":true}]}}