{"id":2508,"date":"2024-04-29T13:59:44","date_gmt":"2024-04-29T09:29:44","guid":{"rendered":"https:\/\/chemkraft.ir\/tr\/?page_id=2508"},"modified":"2024-04-29T13:59:49","modified_gmt":"2024-04-29T09:29:49","slug":"iletisim-formu","status":"publish","type":"page","link":"https:\/\/chemkraft.ir\/tr\/ana-sayfasi\/bize-ulasin\/iletisim-formu\/","title":{"rendered":"\u0130leti\u015fim Formu"},"content":{"rendered":"<div class=\"wp-block-image\">\n<figure class=\"aligncenter size-full is-resized\"><img decoding=\"async\" width=\"204\" height=\"192\" src=\"https:\/\/chemkraft.ir\/tr\/wp-content\/uploads\/2024\/04\/email-vector.jpg\" alt=\"\" class=\"wp-image-2509\" style=\"width:94px\"\/><figcaption class=\"wp-element-caption\"><strong>E-posta<\/strong><\/figcaption><\/figure><\/div>\n\n\n<div class=\"wpcf7 no-js\" id=\"wpcf7-f13-o1\" lang=\"fa-IR\" dir=\"rtl\" data-wpcf7-id=\"13\">\n<div class=\"screen-reader-response\"><p role=\"status\" aria-live=\"polite\" aria-atomic=\"true\"><\/p> <ul><\/ul><\/div>\n<form action=\"\/tr\/wp-json\/wp\/v2\/pages\/2508#wpcf7-f13-o1\" method=\"post\" class=\"wpcf7-form init\" aria-label=\"\u0641\u0631\u0645 \u062a\u0645\u0627\u0633\" enctype=\"multipart\/form-data\" novalidate=\"novalidate\" data-status=\"init\">\n<fieldset class=\"hidden-fields-container\"><input type=\"hidden\" name=\"_wpcf7\" value=\"13\" \/><input type=\"hidden\" name=\"_wpcf7_version\" value=\"6.1.5\" \/><input type=\"hidden\" name=\"_wpcf7_locale\" value=\"fa_IR\" \/><input type=\"hidden\" name=\"_wpcf7_unit_tag\" value=\"wpcf7-f13-o1\" \/><input type=\"hidden\" name=\"_wpcf7_container_post\" value=\"0\" \/><input type=\"hidden\" name=\"_wpcf7_posted_data_hash\" value=\"\" \/>\n<\/fieldset>\n<fieldset>\n\t<legend>\u0130leti\u015fim Formu\n\t<\/legend>\n\t<ol>\n\t\t<li>\n\t\t\t<p>Ad\u0131n\u0131z <span class=\"wpcf7-form-control-wrap\" data-name=\"text-679\"><input size=\"40\" maxlength=\"400\" class=\"wpcf7-form-control wpcf7-text wpcf7-validates-as-required\" aria-required=\"true\" aria-invalid=\"false\" value=\"\" type=\"text\" name=\"text-679\" \/><\/span>\n\t\t\t<\/p>\n\t\t<\/li>\n\t\t<li>\n\t\t\t<p>E-posta Adresi <span class=\"wpcf7-form-control-wrap\" data-name=\"email-171\"><input size=\"40\" maxlength=\"400\" class=\"wpcf7-form-control wpcf7-email wpcf7-validates-as-required wpcf7-text wpcf7-validates-as-email\" aria-required=\"true\" aria-invalid=\"false\" value=\"\" type=\"email\" name=\"email-171\" \/><\/span>\n\t\t\t<\/p>\n\t\t<\/li>\n\t\t<li>\n\t\t\t<p>Sorun <span class=\"wpcf7-form-control-wrap\" data-name=\"text-637\"><input size=\"40\" maxlength=\"400\" class=\"wpcf7-form-control wpcf7-text wpcf7-validates-as-required\" aria-required=\"true\" aria-invalid=\"false\" value=\"\" type=\"text\" name=\"text-637\" \/><\/span>\n\t\t\t<\/p>\n\t\t<\/li>\n\t\t<li>\n\t\t\t<p>Mesaj\u0131n <span class=\"wpcf7-form-control-wrap\" data-name=\"textarea-916\"><textarea cols=\"40\" rows=\"10\" maxlength=\"2000\" class=\"wpcf7-form-control wpcf7-textarea\" aria-invalid=\"false\" name=\"textarea-916\"><\/textarea><\/span>\n\t\t\t<\/p>\n\t\t<\/li>\n\t<\/ol>\n\t<p><span class=\"wpcf7-form-control-wrap\" data-name=\"Dosya\"><input size=\"40\" class=\"wpcf7-form-control wpcf7-file\" accept=\".png,.pdf,.jpg,.jpeg,.doc,.docx\" aria-invalid=\"false\" type=\"file\" name=\"Dosya\" \/><\/span><br \/>\n<input class=\"wpcf7-form-control wpcf7-submit has-spinner\" type=\"submit\" value=\"G\u00f6ndermek\" \/>\n\t<\/p>\n\t<p>* Gerekli\n\t<\/p>\n<\/fieldset>\n<p>Sel\u00fcloz ve Metal End\u00fcstrisine Y\u00f6nelik Kimyasal \u00dcretici ve Tedarik\u00e7isi\n<\/p><div class=\"wpcf7-response-output\" aria-hidden=\"true\"><\/div>\n<\/form>\n<\/div>\n\n","protected":false},"excerpt":{"rendered":"","protected":false},"author":1,"featured_media":0,"parent":2027,"menu_order":0,"comment_status":"closed","ping_status":"closed","template":"","meta":{"content-type":"","_lmt_disableupdate":"","_lmt_disable":"","footnotes":""},"class_list":["post-2508","page","type-page","status-publish","hentry"],"_links":{"self":[{"href":"https:\/\/chemkraft.ir\/tr\/wp-json\/wp\/v2\/pages\/2508","targetHints":{"allow":["GET"]}}],"collection":[{"href":"https:\/\/chemkraft.ir\/tr\/wp-json\/wp\/v2\/pages"}],"about":[{"href":"https:\/\/chemkraft.ir\/tr\/wp-json\/wp\/v2\/types\/page"}],"author":[{"embeddable":true,"href":"https:\/\/chemkraft.ir\/tr\/wp-json\/wp\/v2\/users\/1"}],"replies":[{"embeddable":true,"href":"https:\/\/chemkraft.ir\/tr\/wp-json\/wp\/v2\/comments?post=2508"}],"version-history":[{"count":1,"href":"https:\/\/chemkraft.ir\/tr\/wp-json\/wp\/v2\/pages\/2508\/revisions"}],"predecessor-version":[{"id":2511,"href":"https:\/\/chemkraft.ir\/tr\/wp-json\/wp\/v2\/pages\/2508\/revisions\/2511"}],"up":[{"embeddable":true,"href":"https:\/\/chemkraft.ir\/tr\/wp-json\/wp\/v2\/pages\/2027"}],"wp:attachment":[{"href":"https:\/\/chemkraft.ir\/tr\/wp-json\/wp\/v2\/media?parent=2508"}],"curies":[{"name":"wp","href":"https:\/\/api.w.org\/{rel}","templated":true}]}}