{"id":2515,"date":"2024-04-29T18:25:23","date_gmt":"2024-04-29T13:55:23","guid":{"rendered":"https:\/\/chemkraft.ir\/tr\/?page_id=2515"},"modified":"2024-04-29T18:28:38","modified_gmt":"2024-04-29T13:58:38","slug":"siparis-formu","status":"publish","type":"page","link":"https:\/\/chemkraft.ir\/tr\/ana-sayfasi\/bize-ulasin\/siparis-formu\/","title":{"rendered":"Sipari\u015f formu"},"content":{"rendered":"<div class=\"wp-block-image\">\n<figure class=\"aligncenter size-full is-resized\"><img fetchpriority=\"high\" decoding=\"async\" width=\"590\" height=\"600\" src=\"https:\/\/chemkraft.ir\/tr\/wp-content\/uploads\/2024\/04\/depositphotos_41583673-stock-illustration-order-now-button.webp\" alt=\"\" class=\"wp-image-2420\" style=\"aspect-ratio:1;width:120px\" srcset=\"https:\/\/chemkraft.ir\/tr\/wp-content\/uploads\/2024\/04\/depositphotos_41583673-stock-illustration-order-now-button.webp 590w, https:\/\/chemkraft.ir\/tr\/wp-content\/uploads\/2024\/04\/depositphotos_41583673-stock-illustration-order-now-button-295x300.webp 295w, https:\/\/chemkraft.ir\/tr\/wp-content\/uploads\/2024\/04\/depositphotos_41583673-stock-illustration-order-now-button-585x595.webp 585w\" sizes=\"(max-width: 590px) 100vw, 590px\" \/><\/figure><\/div>\n\n\n<div class=\"wpcf7 no-js\" id=\"wpcf7-f2407-o1\" lang=\"fa-IR\" dir=\"rtl\" data-wpcf7-id=\"2407\">\n<div class=\"screen-reader-response\"><p role=\"status\" aria-live=\"polite\" aria-atomic=\"true\"><\/p> <ul><\/ul><\/div>\n<form action=\"\/tr\/wp-json\/wp\/v2\/pages\/2515#wpcf7-f2407-o1\" method=\"post\" class=\"wpcf7-form init\" aria-label=\"\u0641\u0631\u0645 \u062a\u0645\u0627\u0633\" novalidate=\"novalidate\" data-status=\"init\">\n<fieldset class=\"hidden-fields-container\"><input type=\"hidden\" name=\"_wpcf7\" value=\"2407\" \/><input type=\"hidden\" name=\"_wpcf7_version\" value=\"6.1.5\" \/><input type=\"hidden\" name=\"_wpcf7_locale\" value=\"fa_IR\" \/><input type=\"hidden\" name=\"_wpcf7_unit_tag\" value=\"wpcf7-f2407-o1\" \/><input type=\"hidden\" name=\"_wpcf7_container_post\" value=\"0\" \/><input type=\"hidden\" name=\"_wpcf7_posted_data_hash\" value=\"\" \/>\n<\/fieldset>\n<fieldset>\n\t<legend>\u0130leti\u015fim Formu\n\t<\/legend>\n\t<ol>\n\t\t<li>\n\t\t\t<p>Ad\u0131n\u0131z <span class=\"wpcf7-form-control-wrap\" data-name=\"text-668\"><input size=\"40\" maxlength=\"400\" class=\"wpcf7-form-control wpcf7-text wpcf7-validates-as-required\" aria-required=\"true\" aria-invalid=\"false\" value=\"\" type=\"text\" name=\"text-668\" \/><\/span>\n\t\t\t<\/p>\n\t\t<\/li>\n\t\t<li>\n\t\t\t<p>E-posta Adresi <span class=\"wpcf7-form-control-wrap\" data-name=\"email-201\"><input size=\"40\" maxlength=\"400\" class=\"wpcf7-form-control wpcf7-email wpcf7-validates-as-required wpcf7-text wpcf7-validates-as-email\" aria-required=\"true\" aria-invalid=\"false\" value=\"\" type=\"email\" name=\"email-201\" \/><\/span>\n\t\t\t<\/p>\n\t\t<\/li>\n\t\t<li>\n\t\t\t<p>Telefon numaras\u0131 <span class=\"wpcf7-form-control-wrap\" data-name=\"tel-152\"><input size=\"40\" maxlength=\"400\" class=\"wpcf7-form-control wpcf7-tel wpcf7-validates-as-required wpcf7-text wpcf7-validates-as-tel\" aria-required=\"true\" aria-invalid=\"false\" value=\"\" type=\"tel\" name=\"tel-152\" \/><\/span>\n\t\t\t<\/p>\n\t\t<\/li>\n\t\t<li>\n\t\t\t<p>\u00dcr\u00fcn grubu <span class=\"wpcf7-form-control-wrap\" data-name=\"checkbox-319\"><span class=\"wpcf7-form-control wpcf7-checkbox wpcf7-validates-as-required wpcf7-exclusive-checkbox\"><span class=\"wpcf7-list-item first\"><label><input type=\"checkbox\" name=\"checkbox-319\" value=\"Sel\u00fcloz End\u00fcstrisi Kimyasallar\u0131\" \/><span class=\"wpcf7-list-item-label\">Sel\u00fcloz End\u00fcstrisi Kimyasallar\u0131<\/span><\/label><\/span><span class=\"wpcf7-list-item\"><label><input type=\"checkbox\" name=\"checkbox-319\" value=\"Metal End\u00fcstrisi Kimyasallar\u0131\" \/><span class=\"wpcf7-list-item-label\">Metal End\u00fcstrisi Kimyasallar\u0131<\/span><\/label><\/span><span class=\"wpcf7-list-item\"><label><input type=\"checkbox\" name=\"checkbox-319\" value=\"Flour Bile\u015fikleri\" \/><span class=\"wpcf7-list-item-label\">Flour Bile\u015fikleri<\/span><\/label><\/span><span class=\"wpcf7-list-item\"><label><input type=\"checkbox\" name=\"checkbox-319\" value=\"Di\u011fer Kimyasallar\" \/><span class=\"wpcf7-list-item-label\">Di\u011fer Kimyasallar<\/span><\/label><\/span><span class=\"wpcf7-list-item last\"><label><input type=\"checkbox\" name=\"checkbox-319\" value=\"Kostik Soda\" \/><span class=\"wpcf7-list-item-label\">Kostik Soda<\/span><\/label><\/span><\/span><\/span>\n\t\t\t<\/p>\n\t\t<\/li>\n\t\t<li>\n\t\t\t<p>\u00dcr\u00fcn <span class=\"wpcf7-form-control-wrap\" data-name=\"text-298\"><input size=\"40\" maxlength=\"400\" class=\"wpcf7-form-control wpcf7-text wpcf7-validates-as-required\" aria-required=\"true\" aria-invalid=\"false\" value=\"\" type=\"text\" name=\"text-298\" \/><\/span>\n\t\t\t<\/p>\n\t\t<\/li>\n\t\t<li>\n\t\t\t<p>Miktar <span class=\"wpcf7-form-control-wrap\" data-name=\"text-299\"><input size=\"40\" maxlength=\"400\" class=\"wpcf7-form-control wpcf7-text wpcf7-validates-as-required\" aria-required=\"true\" aria-invalid=\"false\" value=\"\" type=\"text\" name=\"text-299\" \/><\/span>\n\t\t\t<\/p>\n\t\t<\/li>\n\t\t<li>\n\t\t\t<p>Var\u0131\u015f noktas\u0131 <span class=\"wpcf7-form-control-wrap\" data-name=\"textarea-981\"><textarea cols=\"40\" rows=\"10\" maxlength=\"2000\" class=\"wpcf7-form-control wpcf7-textarea wpcf7-validates-as-required\" aria-required=\"true\" aria-invalid=\"false\" name=\"textarea-981\"><\/textarea><\/span>\n\t\t\t<\/p>\n\t\t<\/li>\n\t<\/ol>\n\t<p>* Gerekli\n\t<\/p>\n<\/fieldset>\n<p><input class=\"wpcf7-form-control wpcf7-submit has-spinner\" type=\"submit\" value=\"G\u00f6ndermek\" \/>\n<\/p><div class=\"wpcf7-response-output\" aria-hidden=\"true\"><\/div>\n<\/form>\n<\/div>\n\n","protected":false},"excerpt":{"rendered":"","protected":false},"author":1,"featured_media":0,"parent":2027,"menu_order":0,"comment_status":"closed","ping_status":"closed","template":"","meta":{"content-type":"","_lmt_disableupdate":"","_lmt_disable":"","footnotes":""},"class_list":["post-2515","page","type-page","status-publish","hentry"],"_links":{"self":[{"href":"https:\/\/chemkraft.ir\/tr\/wp-json\/wp\/v2\/pages\/2515","targetHints":{"allow":["GET"]}}],"collection":[{"href":"https:\/\/chemkraft.ir\/tr\/wp-json\/wp\/v2\/pages"}],"about":[{"href":"https:\/\/chemkraft.ir\/tr\/wp-json\/wp\/v2\/types\/page"}],"author":[{"embeddable":true,"href":"https:\/\/chemkraft.ir\/tr\/wp-json\/wp\/v2\/users\/1"}],"replies":[{"embeddable":true,"href":"https:\/\/chemkraft.ir\/tr\/wp-json\/wp\/v2\/comments?post=2515"}],"version-history":[{"count":1,"href":"https:\/\/chemkraft.ir\/tr\/wp-json\/wp\/v2\/pages\/2515\/revisions"}],"predecessor-version":[{"id":2517,"href":"https:\/\/chemkraft.ir\/tr\/wp-json\/wp\/v2\/pages\/2515\/revisions\/2517"}],"up":[{"embeddable":true,"href":"https:\/\/chemkraft.ir\/tr\/wp-json\/wp\/v2\/pages\/2027"}],"wp:attachment":[{"href":"https:\/\/chemkraft.ir\/tr\/wp-json\/wp\/v2\/media?parent=2515"}],"curies":[{"name":"wp","href":"https:\/\/api.w.org\/{rel}","templated":true}]}}